{"id":12191,"date":"2021-10-25T08:35:49","date_gmt":"2021-10-25T06:35:49","guid":{"rendered":"https:\/\/www.sweco.no\/?page_id=12191"},"modified":"2022-12-05T17:36:29","modified_gmt":"2022-12-05T16:36:29","slug":"acoustics-in-buildings","status":"publish","type":"page","link":"https:\/\/www.sweco.no\/en\/buildings-and-urban-areas\/acoustics-in-buildings\/","title":{"rendered":"Acoustics in buildings"},"content":{"rendered":"<section class=\"block block--white columns\" >\n\t<div class=\"block__inner columns__inner\">\n\t\t<div class=\"col--11 col--wrapper col--stretch\">\n\t\t\t\n\t\t\t\t\t\t\t<div class=\"columns__col col col--12\">\n\t\t\t\t\t<div class=\"editor-content columns__content columns__content--image\">\n\t\t\t\t\t\t<img loading=\"lazy\" decoding=\"async\" width=\"1680\" height=\"700\" src=\"https:\/\/www.sweco.no\/wp-content\/uploads\/sites\/13\/2021\/05\/akustikkbygninger-header-01.jpg\" class=\"attachment-full size-full\" alt=\"\" srcset=\"https:\/\/www.sweco.no\/wp-content\/uploads\/sites\/13\/2021\/05\/akustikkbygninger-header-01.jpg 1680w, https:\/\/www.sweco.no\/wp-content\/uploads\/sites\/13\/2021\/05\/akustikkbygninger-header-01-200x83.jpg 200w, https:\/\/www.sweco.no\/wp-content\/uploads\/sites\/13\/2021\/05\/akustikkbygninger-header-01-768x320.jpg 768w, https:\/\/www.sweco.no\/wp-content\/uploads\/sites\/13\/2021\/05\/akustikkbygninger-header-01-1536x640.jpg 1536w, https:\/\/www.sweco.no\/wp-content\/uploads\/sites\/13\/2021\/05\/akustikkbygninger-header-01-520x217.jpg 520w, https:\/\/www.sweco.no\/wp-content\/uploads\/sites\/13\/2021\/05\/akustikkbygninger-header-01-800x333.jpg 800w, https:\/\/www.sweco.no\/wp-content\/uploads\/sites\/13\/2021\/05\/akustikkbygninger-header-01-720x300.jpg 720w\" sizes=\"auto, (max-width: 1680px) 100vw, 1680px\" \/>\t\t\t\t\t<\/div>\n\t\t\t\t<\/div>\n\t\t\t\n\t\t<\/div>\n\t<\/div>\n<\/section>\n\n\n<section class=\"block architects-intro block--white\" >\n\t<div class=\"block__inner architects-intro__inner\">\n\t\t<div class=\"col--11 col--start col--wrapper editor-content\">\n\t\t\t\t\t\t\t<div class=\"col col--5\">\n                    <p class=\"architect-special hyphenate\">Buildings and Urban Areas <\/p>\n\t\t\t\t\t<h1 class=\"h1 hyphenate\">Acoustics in buildings <\/h1>\t\t\t\t<\/div>\n\t\t\t\n\t\t\t\t\t\t\t<div class=\"col col--4 push--1\">\n\t\t\t\t\t\t\t\t\t\t<p><p>Good acoustic conditions are important for creating good buildings, a good working environment and a pleasant experience, whether in a restaurant, the swimming pool, at home or at school. Sweco\u2019s acoustic experts have long and broad experience in acoustic engineering and acoustics in all types of buildings. Our engineers can assist in finding the correct acoustic requirements and general details and can assist through the detailed design and construction phases to ensure that the sound requirements are met.<\/p>\n<\/p>\n\t\t\t\t\t\t\t\t\t<\/div>\n\t\t\t\n            \t\t<\/div>\n\t<\/div>\n<\/section>\n\n\n<section class=\"block cb block--white\" >\n\t<div class=\"block__inner cb__inner cb__inner--one\">\n\t<div class=\"col--12 col--center col--wrapper\">\n\t\t<div class=\"col col--6 editor-content\">\n\t\t\t<h3>Our expertise covers:<\/h3>\n<ul>\n<li>Building acoustics consultancy<\/li>\n<li>Sound and vibration measurements<\/li>\n<li>Noise and vibration<\/li>\n<\/ul>\n\t\t<\/div>\n\t<\/div>\n<\/div>\n<\/section>\n\n\n<section class=\"block block--white cta\" >\n\t<div class=\"block__inner cta__inner\">\n\t\t<div class=\"col--11 col--wrapper\">\n\t\t\t<div class=\"cta__container \">\n\t\t\t\t\t\t\t\t<div class=\"editor-content \">\n\t\t\t\t\t<p>Our professional environments are located all over the country. Not sure who to contact? Contact one of our busines unit managers.<\/p>\n\t\t\t\t\t<div class=\"buttons-wrapper buttons-wrapper--left\"><a href=\"https:\/\/www.sweco.no\/swecos-regional-managers\/?lang=en\" target=\"\" class=\"btn btn__primary \">Swecos Business Unit Managers<\/a><\/div>\t\t\t\t<\/div>\n\t\t\t<\/div>\n\t\t<\/div>\n\t<\/div>\n<\/section>\n\n\n\n\n\n\n\n\n    <section class=\"block block--white related-content\" >\n        <div class=\"block__inner related-content__inner\">\n            <div class=\"col--11 col--wrapper col--start col--stretch col--bottom \">\n                                    <div class=\"col col--12 editor-content related-content__title\">\n                        <h3 class=\"h3 hyphenate\">Related services<\/h3>                    <\/div>\n                \n                                    <div class=\"col col--4 item item--img\">\n\n                                                    <a href=\"https:\/\/www.sweco.no\/en\/buildings-and-urban-areas\/technical-installations\/\" title=\"Technical installations\" >\n                                <div class=\"item__title\">\n                                    <p class=\"h4 hyphenate\">Technical installations<\/p>                                    <p class=\"item__title--info\">\n                                                                                                                                                            <\/p>\n                                <\/div>\n                                <figure class=\"item__image\">\n                                    <img loading=\"lazy\" decoding=\"async\" width=\"520\" height=\"296\" src=\"https:\/\/www.sweco.no\/wp-content\/uploads\/sites\/13\/2021\/05\/tekniskefag-header-01-520x296.jpg\" class=\"attachment-insights-featured size-insights-featured\" alt=\"Bilde av tekniske installasjoner, r\u00f8r, ledninger og ventilasjon\" \/>                                <\/figure>\n                            <\/a>\n                        \n                                            <\/div>\n                                    <div class=\"col col--4 item item--img\">\n\n                                                    <a href=\"https:\/\/www.sweco.no\/en\/buildings-and-urban-areas\/fire-safety-consulting-in-buildings\/\" title=\"Fire safety consulting in buildings\" >\n                                <div class=\"item__title\">\n                                    <p class=\"h4 hyphenate\">Fire safety consulting in buildings<\/p>                                    <p class=\"item__title--info\">\n                                                                                                                                                            <\/p>\n                                <\/div>\n                                <figure class=\"item__image\">\n                                    <img loading=\"lazy\" decoding=\"async\" width=\"520\" height=\"296\" src=\"https:\/\/www.sweco.no\/wp-content\/uploads\/sites\/13\/2021\/05\/brannradgivning-header-01-520x296.jpg\" class=\"attachment-insights-featured size-insights-featured\" alt=\"R\u00e5dgivere p\u00e5 byggeplass ikledd vernekl\u00e6r ser p\u00e5 tegning\" \/>                                <\/figure>\n                            <\/a>\n                        \n                                            <\/div>\n                                    <div class=\"col col--4 item item--img\">\n\n                                                    <a href=\"https:\/\/www.sweco.no\/en\/buildings-and-urban-areas\/construction-management\/\" title=\"Construction management\" >\n                                <div class=\"item__title\">\n                                    <p class=\"h4 hyphenate\">Construction management<\/p>                                    <p class=\"item__title--info\">\n                                                                                                                                                            <\/p>\n                                <\/div>\n                                <figure class=\"item__image\">\n                                    <img loading=\"lazy\" decoding=\"async\" width=\"520\" height=\"296\" src=\"https:\/\/www.sweco.no\/wp-content\/uploads\/sites\/13\/2021\/05\/byggeledelse-header-01-520x296.jpg\" class=\"attachment-insights-featured size-insights-featured\" alt=\"R\u00e5dgiver peker utover byggeplass i gr\u00e5tt v\u00e6r. R\u00e5dgiver i hjelm og vernet\u00f8y ses bakfra og st\u00e5r ved siden av entrepren\u00f8r.\" \/>                                <\/figure>\n                            <\/a>\n                        \n                                            <\/div>\n                \n                            <\/div>\n        <\/div>\n    <\/section>\n\n\n<section class=\"block form-block block--lightgray\" >\n\t<div class=\"block__inner form-block__inner \">\n\n                    <div class=\"col--11 col--wrapper\">\n                                    <div class=\"col col--4 editor-content form-block__title\">\n                        <h3 class=\"h2 hyphenate\">Contact our experts today<\/h3>                    <\/div>\n                    <div class=\"col--12 col\"><\/div>\n                \n                <div class=\"col col--4 editor-content\">\n                    Get in touch by using our quick form, and we\u2019ll direct your comment or query to the right specialist.                 <\/div>\n\n                <div class=\"col col--7\">\n                    <script type=\"text\/javascript\">\n\/* <![CDATA[ *\/\nvar gform;gform||(document.addEventListener(\"gform_main_scripts_loaded\",function(){gform.scriptsLoaded=!0}),document.addEventListener(\"gform\/theme\/scripts_loaded\",function(){gform.themeScriptsLoaded=!0}),window.addEventListener(\"DOMContentLoaded\",function(){gform.domLoaded=!0}),gform={domLoaded:!1,scriptsLoaded:!1,themeScriptsLoaded:!1,isFormEditor:()=>\"function\"==typeof InitializeEditor,callIfLoaded:function(o){return!(!gform.domLoaded||!gform.scriptsLoaded||!gform.themeScriptsLoaded&&!gform.isFormEditor()||(gform.isFormEditor()&&console.warn(\"The use of gform.initializeOnLoaded() is deprecated in the form editor context and will be removed in Gravity Forms 3.1.\"),o(),0))},initializeOnLoaded:function(o){gform.callIfLoaded(o)||(document.addEventListener(\"gform_main_scripts_loaded\",()=>{gform.scriptsLoaded=!0,gform.callIfLoaded(o)}),document.addEventListener(\"gform\/theme\/scripts_loaded\",()=>{gform.themeScriptsLoaded=!0,gform.callIfLoaded(o)}),window.addEventListener(\"DOMContentLoaded\",()=>{gform.domLoaded=!0,gform.callIfLoaded(o)}))},hooks:{action:{},filter:{}},addAction:function(o,r,e,t){gform.addHook(\"action\",o,r,e,t)},addFilter:function(o,r,e,t){gform.addHook(\"filter\",o,r,e,t)},doAction:function(o){gform.doHook(\"action\",o,arguments)},applyFilters:function(o){return gform.doHook(\"filter\",o,arguments)},removeAction:function(o,r){gform.removeHook(\"action\",o,r)},removeFilter:function(o,r,e){gform.removeHook(\"filter\",o,r,e)},addHook:function(o,r,e,t,n){null==gform.hooks[o][r]&&(gform.hooks[o][r]=[]);var d=gform.hooks[o][r];null==n&&(n=r+\"_\"+d.length),gform.hooks[o][r].push({tag:n,callable:e,priority:t=null==t?10:t})},doHook:function(r,o,e){var t;if(e=Array.prototype.slice.call(e,1),null!=gform.hooks[r][o]&&((o=gform.hooks[r][o]).sort(function(o,r){return o.priority-r.priority}),o.forEach(function(o){\"function\"!=typeof(t=o.callable)&&(t=window[t]),\"action\"==r?t.apply(null,e):e[0]=t.apply(null,e)})),\"filter\"==r)return e[0]},removeHook:function(o,r,t,n){var e;null!=gform.hooks[o][r]&&(e=(e=gform.hooks[o][r]).filter(function(o,r,e){return!!(null!=n&&n!=o.tag||null!=t&&t!=o.priority)}),gform.hooks[o][r]=e)}});\n\/* ]]> *\/\n<\/script>\n\n                <div class='gf_browser_gecko gform_wrapper gform_legacy_markup_wrapper gform-theme--no-framework' data-form-theme='legacy' data-form-index='0' id='gform_wrapper_8' ><form class=\"gform_analytics_tracking\" method='post' enctype='multipart\/form-data' target='gform_ajax_frame_8' id='gform_8'  action='\/en\/wp-json\/wp\/v2\/pages\/12191' data-formid='8' novalidate autocomplete=\"off\">\n                        <div class='gform-body gform_body'><ul id='gform_fields_8' class='gform_fields top_label form_sublabel_below description_below validation_below'><li id=\"field_8_9\" class=\"gfield gfield--type-honeypot gform_validation_container field_sublabel_below gfield--has-description field_description_below field_validation_below gfield_visibility_visible gform_honeypot\"  data-field-class=\"gform_honeypot\" ><label class='gfield_label gform-field-label' for='input_8_9'>Phone<\/label><div class='ginput_container'><input autocomplete=\"off\"  name='input_9' id='input_8_9' type='text' value='' autocomplete='new-password'\/><\/div><div class='gfield_description' id='gfield_description_8_9'>This field is for validation purposes and should be left unchanged.<\/div><\/li><li id=\"field_8_1\" class=\"gfield gfield--type-text half gfield_contains_required field_sublabel_below gfield--no-description field_description_below field_validation_below gfield_visibility_visible gform_text\"  data-field-class=\"gform_text\" ><label class='gfield_label gform-field-label' for='input_8_1'>Name<span class=\"gfield_required\"><span class=\"gfield_required gfield_required_asterisk\">*<\/span><\/span><\/label><div class='ginput_container ginput_container_text'><input autocomplete=\"off\"  name='input_1' id='input_8_1' type='text' value='' class='medium'     aria-required=\"true\" aria-invalid=\"false\"   \/><\/div><\/li><li id=\"field_8_8\" class=\"gfield gfield--type-text gfield--width-full gfield_contains_required field_sublabel_below gfield--has-description field_description_below field_validation_below gfield_visibility_visible gform_text\"  data-field-class=\"gform_text\" ><label class='gfield_label gform-field-label' for='input_8_8'>City<span class=\"gfield_required\"><span class=\"gfield_required gfield_required_asterisk\">*<\/span><\/span><\/label><div class='ginput_container ginput_container_text'><input autocomplete=\"off\"  name='input_8' id='input_8_8' type='text' value='' class='large'  aria-describedby=\"gfield_description_8_8\"   aria-required=\"true\" aria-invalid=\"false\"   \/><\/div><div class='gfield_description' id='gfield_description_8_8'>Tell us where you are from, and we will connect you to the right office.<\/div><\/li><li id=\"field_8_2\" class=\"gfield gfield--type-text half field_sublabel_below gfield--no-description field_description_below field_validation_below gfield_visibility_visible gform_text\"  data-field-class=\"gform_text\" ><label class='gfield_label gform-field-label' for='input_8_2'>Company<\/label><div class='ginput_container ginput_container_text'><input autocomplete=\"off\"  name='input_2' id='input_8_2' type='text' value='' class='medium'      aria-invalid=\"false\"   \/><\/div><\/li><li id=\"field_8_5\" class=\"gfield gfield--type-email half gfield_contains_required field_sublabel_below gfield--no-description field_description_below field_validation_below gfield_visibility_visible gform_email\"  data-field-class=\"gform_email\" ><label class='gfield_label gform-field-label' for='input_8_5'>E-mail<span class=\"gfield_required\"><span class=\"gfield_required gfield_required_asterisk\">*<\/span><\/span><\/label><div class='ginput_container ginput_container_email'>\n                            <input autocomplete=\"off\"  name='input_5' id='input_8_5' type='email' value='' class='medium'    aria-required=\"true\" aria-invalid=\"false\"  \/>\n                        <\/div><\/li><li id=\"field_8_3\" class=\"gfield gfield--type-text half gfield_contains_required field_sublabel_below gfield--no-description field_description_below field_validation_below gfield_visibility_visible gform_text\"  data-field-class=\"gform_text\" ><label class='gfield_label gform-field-label' for='input_8_3'>Phone number<span class=\"gfield_required\"><span class=\"gfield_required gfield_required_asterisk\">*<\/span><\/span><\/label><div class='ginput_container ginput_container_text'><input autocomplete=\"off\"  name='input_3' id='input_8_3' type='text' value='' class='medium'     aria-required=\"true\" aria-invalid=\"false\"   \/><\/div><\/li><li id=\"field_8_6\" class=\"gfield gfield--type-textarea full expanding-textarea gfield_contains_required field_sublabel_below gfield--no-description field_description_below field_validation_below gfield_visibility_visible gform_textarea\"  data-field-class=\"gform_textarea\" ><label class='gfield_label gform-field-label' for='input_8_6'>Type your question<span class=\"gfield_required\"><span class=\"gfield_required gfield_required_asterisk\">*<\/span><\/span><\/label><div class='ginput_container ginput_container_textarea'><textarea autocomplete=\"off\"  name='input_6' id='input_8_6' class='textarea medium'     aria-required=\"true\" aria-invalid=\"false\"   rows='10' cols='50'><\/textarea><\/div><\/li><li id=\"field_8_7\" class=\"gfield gfield--type-consent gfield--type-choice gfield--input-type-consent gfield--width-full gfield_contains_required field_sublabel_below gfield--no-description field_description_below field_validation_below gfield_visibility_visible gform_consent\"  data-field-class=\"gform_consent\" ><label class='gfield_label gform-field-label gfield_label_before_complex' >Consent agreement<span class=\"gfield_required\"><span class=\"gfield_required gfield_required_asterisk\">*<\/span><\/span><\/label><div class='ginput_container ginput_container_consent'><input autocomplete=\"off\"  name='input_7.1' id='input_8_7_1' type='checkbox' value='1'   aria-required=\"true\" aria-invalid=\"false\"   \/> <label class=\"gform-field-label gform-field-label--type-inline gfield_consent_label\" for='input_8_7_1' >By clicking here, you accept the consent agreement.<\/label><input autocomplete=\"off\"  type='hidden' name='input_7.2' value='By clicking here, you accept the consent agreement.' class='gform_hidden' \/><input autocomplete=\"off\"  type='hidden' name='input_7.3' value='5' class='gform_hidden' \/><\/div><\/li><\/ul><\/div>\n        <div class='gform-footer gform_footer top_label'> <button class='btn btn__primary' id='gform_submit_button_8'><span>Submit<\/span><\/button> <input type='hidden' name='gform_ajax' value='form_id=8&amp;title=&amp;description=&amp;tabindex=0&amp;theme=legacy&amp;hash=f97119201da19536558d346bbc1aa32e' \/>\n            <input type='hidden' class='gform_hidden' name='gform_submission_method' data-js='gform_submission_method_8' value='iframe' \/>\n            <input type='hidden' class='gform_hidden' name='gform_theme' data-js='gform_theme_8' id='gform_theme_8' value='legacy' \/>\n            <input type='hidden' class='gform_hidden' name='gform_style_settings' data-js='gform_style_settings_8' id='gform_style_settings_8' value='' \/>\n            <input type='hidden' class='gform_hidden' name='is_submit_8' value='1' \/>\n            <input type='hidden' class='gform_hidden' name='gform_submit' value='8' \/>\n            \n            <input type='hidden' class='gform_hidden' name='gform_unique_id' value='' \/>\n            <input type='hidden' class='gform_hidden' name='state_8' value='WyJ7XCI3LjFcIjpcIjVhYWVlZmI3NTc0MTU1YjA1ZTkwNjQxMWI2MWVlNGZiXCIsXCI3LjJcIjpcIjAzZWI5Y2NlMGRlZjE4NjYyOWE3YmI0MDIzYTBlYjE0XCIsXCI3LjNcIjpcIjY5M2FkN2IxNjZjMGFlYWRiOTEwNmMzMjZkNGEwOGZhXCJ9IiwiZDFhNTgzNjc5ODYxMDA2MWFjNzIxYWEyZWY1ZGI4ZDgiXQ==' \/>\n            <input type='hidden' autocomplete='off' class='gform_hidden' name='gform_target_page_number_8' id='gform_target_page_number_8' value='0' \/>\n            <input type='hidden' autocomplete='off' class='gform_hidden' name='gform_source_page_number_8' id='gform_source_page_number_8' value='1' \/>\n            <input type='hidden' name='gform_field_values' value='' \/>\n            \n        <\/div>\n                        <\/form>\n                        <\/div>\n\t\t                <iframe style='display:none;width:0px;height:0px;' src='about:blank' name='gform_ajax_frame_8' id='gform_ajax_frame_8' title='This iframe contains the logic required to handle Ajax powered Gravity Forms.'><\/iframe>\n\t\t                <script type=\"text\/javascript\">\n\/* <![CDATA[ *\/\n gform.initializeOnLoaded( function() {gformInitSpinner( 8, 'https:\/\/www.sweco.no\/wp-content\/themes\/sweco\/assets\/dist\/oval.svg', true );jQuery('#gform_ajax_frame_8').on('load',function(){var contents = jQuery(this).contents().find('*').html();var is_postback = contents.indexOf('GF_AJAX_POSTBACK') >= 0;if(!is_postback){return;}var form_content = jQuery(this).contents().find('#gform_wrapper_8');var is_confirmation = jQuery(this).contents().find('#gform_confirmation_wrapper_8').length > 0;var is_redirect = contents.indexOf('gformRedirect(){') >= 0;var is_form = form_content.length > 0 && ! is_redirect && ! is_confirmation;var mt = parseInt(jQuery('html').css('margin-top'), 10) + parseInt(jQuery('body').css('margin-top'), 10) + 100;if(is_form){jQuery('#gform_wrapper_8').html(form_content.html());if(form_content.hasClass('gform_validation_error')){jQuery('#gform_wrapper_8').addClass('gform_validation_error');} else {jQuery('#gform_wrapper_8').removeClass('gform_validation_error');}setTimeout( function() { \/* delay the scroll by 50 milliseconds to fix a bug in chrome *\/  }, 50 );if(window['gformInitDatepicker']) {gformInitDatepicker();}if(window['gformInitPriceFields']) {gformInitPriceFields();}var current_page = jQuery('#gform_source_page_number_8').val();gformInitSpinner( 8, 'https:\/\/www.sweco.no\/wp-content\/themes\/sweco\/assets\/dist\/oval.svg', true );jQuery(document).trigger('gform_page_loaded', [8, current_page]);window['gf_submitting_8'] = false;}else if(!is_redirect){var confirmation_content = jQuery(this).contents().find('.GF_AJAX_POSTBACK').html();if(!confirmation_content){confirmation_content = contents;}jQuery('#gform_wrapper_8').replaceWith(confirmation_content);jQuery(document).trigger('gform_confirmation_loaded', [8]);window['gf_submitting_8'] = false;wp.a11y.speak(jQuery('#gform_confirmation_message_8').text());}else{jQuery('#gform_8').append(contents);if(window['gformRedirect']) {gformRedirect();}}jQuery(document).trigger(\"gform_pre_post_render\", [{ formId: \"8\", currentPage: \"current_page\", abort: function() { this.preventDefault(); } }]);        if (event && event.defaultPrevented) {                return;        }        const gformWrapperDiv = document.getElementById( \"gform_wrapper_8\" );        if ( gformWrapperDiv ) {            const visibilitySpan = document.createElement( \"span\" );            visibilitySpan.id = \"gform_visibility_test_8\";            gformWrapperDiv.insertAdjacentElement( \"afterend\", visibilitySpan );        }        const visibilityTestDiv = document.getElementById( \"gform_visibility_test_8\" );        let postRenderFired = false;        function triggerPostRender() {            if ( postRenderFired ) {                return;            }            postRenderFired = true;            gform.core.triggerPostRenderEvents( 8, current_page );            if ( visibilityTestDiv ) {                visibilityTestDiv.parentNode.removeChild( visibilityTestDiv );            }        }        function debounce( func, wait, immediate ) {            var timeout;            return function() {                var context = this, args = arguments;                var later = function() {                    timeout = null;                    if ( !immediate ) func.apply( context, args );                };                var callNow = immediate && !timeout;                clearTimeout( timeout );                timeout = setTimeout( later, wait );                if ( callNow ) func.apply( context, args );            };        }        const debouncedTriggerPostRender = debounce( function() {            triggerPostRender();        }, 200 );        if ( visibilityTestDiv && visibilityTestDiv.offsetParent === null ) {            const observer = new MutationObserver( ( mutations ) => {                mutations.forEach( ( mutation ) => {                    if ( mutation.type === 'attributes' && visibilityTestDiv.offsetParent !== null ) {                        debouncedTriggerPostRender();                        observer.disconnect();                    }                });            });            observer.observe( document.body, {                attributes: true,                childList: false,                subtree: true,                attributeFilter: [ 'style', 'class' ],            });        } else {            triggerPostRender();        }    } );} ); \n\/* ]]> *\/\n<\/script>\n                <\/div>\n            <\/div>\n        \n\t<\/div>\n<\/section>\n","protected":false},"excerpt":{"rendered":"","protected":false},"author":61,"featured_media":5222,"parent":12080,"menu_order":4,"comment_status":"closed","ping_status":"closed","template":"","meta":{"_acf_changed":false,"_seopress_robots_primary_cat":"","_seopress_titles_title":"","_seopress_titles_desc":"","_seopress_robots_index":"","footnotes":""},"class_list":["post-12191","page","type-page","status-publish","has-post-thumbnail","hentry"],"acf":[],"_links":{"self":[{"href":"https:\/\/www.sweco.no\/en\/wp-json\/wp\/v2\/pages\/12191","targetHints":{"allow":["GET"]}}],"collection":[{"href":"https:\/\/www.sweco.no\/en\/wp-json\/wp\/v2\/pages"}],"about":[{"href":"https:\/\/www.sweco.no\/en\/wp-json\/wp\/v2\/types\/page"}],"author":[{"embeddable":true,"href":"https:\/\/www.sweco.no\/en\/wp-json\/wp\/v2\/users\/61"}],"replies":[{"embeddable":true,"href":"https:\/\/www.sweco.no\/en\/wp-json\/wp\/v2\/comments?post=12191"}],"version-history":[{"count":15,"href":"https:\/\/www.sweco.no\/en\/wp-json\/wp\/v2\/pages\/12191\/revisions"}],"predecessor-version":[{"id":17084,"href":"https:\/\/www.sweco.no\/en\/wp-json\/wp\/v2\/pages\/12191\/revisions\/17084"}],"up":[{"embeddable":true,"href":"https:\/\/www.sweco.no\/en\/wp-json\/wp\/v2\/pages\/12080"}],"wp:featuredmedia":[{"embeddable":true,"href":"https:\/\/www.sweco.no\/en\/wp-json\/wp\/v2\/media\/5222"}],"wp:attachment":[{"href":"https:\/\/www.sweco.no\/en\/wp-json\/wp\/v2\/media?parent=12191"}],"curies":[{"name":"wp","href":"https:\/\/api.w.org\/{rel}","templated":true}]}}